{"id":257,"date":"2019-11-07T15:44:44","date_gmt":"2019-11-07T15:44:44","guid":{"rendered":"https:\/\/www.neffag.ch\/a-propos\/"},"modified":"2024-02-28T13:02:47","modified_gmt":"2024-02-28T13:02:47","slug":"a-propos","status":"publish","type":"page","link":"https:\/\/www.neffag.ch\/fr\/a-propos\/","title":{"rendered":"Qui sommes-nous?"},"content":{"rendered":"<div id='av_section_1'  class='avia-section av-k2nh3nv5-6105060e563786c00094ae4308ab1048 main_color avia-section-default avia-shadow  avia-builder-el-0  avia-builder-el-no-sibling  avia-bg-style-scroll container_wrap fullsize'  ><div class='container av-section-cont-open' ><main  role=\"main\" itemprop=\"mainContentOfPage\"  class='template-page content  av-content-full alpha units'><div class='post-entry post-entry-type-page post-entry-257'><div class='entry-content-wrapper clearfix'>\n\n<style type=\"text\/css\" data-created_by=\"avia_inline_auto\" id=\"style-css-av-7ld4p-539813ff53beac2e5b25ef6058800e56\">\n.flex_column.av-7ld4p-539813ff53beac2e5b25ef6058800e56{\nborder-radius:0px 0px 0px 0px;\npadding:0px 0px 0px 0px;\n}\n<\/style>\n<div  class='flex_column av-7ld4p-539813ff53beac2e5b25ef6058800e56 av_one_full  avia-builder-el-1  avia-builder-el-no-sibling  first flex_column_div av-zero-column-padding  '     ><section  class='av_textblock_section av-k2nh45o9-cfe94558fc30256c0c7a6c6c634e5a9e '   itemscope=\"itemscope\" itemtype=\"https:\/\/schema.org\/CreativeWork\" ><div class='avia_textblock'  itemprop=\"text\" ><h1>\u00dcber uns<\/h1>\n<div class=\"fwelement fwtext fwtext0 \">\n<p>Die Firma NEFF PR\u00c4ZISION AG ist ein kleines leistungsf\u00e4higes Familienunternehmen mit einem motivierten, gut aus- und weitergebildeten Mitarbeiterteam und einer zeitgem\u00e4ssen Infrastruktur, die stetig ausgebaut und modernisiert wird.<\/p>\n<p>Mit dem eigenen Familiennamen voll und ganz f\u00fcr die Leistung seines Unternehmens einzustehen \u2013 das empfinden wir als tiefgreifende Verpflichtung gegen\u00fcber unseren Kunden. Kundenkontakt, Auftragsverantwortung und Betriebsleitung sind bei uns Chefsache.<\/p>\n<p>Wir bearbeiten alle g\u00e4ngigen Stahlsorten, rostfreien St\u00e4hle und Buntmetalle im Durchmesserbereich von 2 \u2013 65 mm ab Stange.<\/p>\n<p>Wir fertigen Gross- und Kleinserien vorwiegend f\u00fcr die Elektro-, Telekommunikations-, Maschinenbau- und Uhrenindustrie.<\/p>\n<p>Auf insgesamt 1400 Quadratmetern produzieren wir Pr\u00e4zisionsdrehteile f\u00fcr verschiedene Kunden im In- und Ausland. Unser Betrieb im S\u00fcden der Schweiz liegt mitten in Europa und ist verkehrstechnisch gut erschlossen.<\/p>\n<\/div>\n<\/div><\/section><\/div>\n","protected":false},"excerpt":{"rendered":"","protected":false},"author":2,"featured_media":0,"parent":0,"menu_order":0,"comment_status":"closed","ping_status":"closed","template":"","meta":{"footnotes":""},"class_list":["post-257","page","type-page","status-publish","hentry"],"yoast_head":"<!-- This site is optimized with the Yoast SEO plugin v27.4 - https:\/\/yoast.com\/product\/yoast-seo-wordpress\/ -->\n<title>Qui sommes-nous? - Neff Pr\u00e4zision AG<\/title>\n<meta name=\"robots\" content=\"index, follow, max-snippet:-1, max-image-preview:large, max-video-preview:-1\" \/>\n<link rel=\"canonical\" href=\"https:\/\/www.neffag.ch\/fr\/a-propos\/\" \/>\n<meta property=\"og:locale\" content=\"fr_FR\" \/>\n<meta property=\"og:type\" content=\"article\" \/>\n<meta property=\"og:title\" content=\"Qui sommes-nous? - Neff Pr\u00e4zision AG\" \/>\n<meta property=\"og:url\" content=\"https:\/\/www.neffag.ch\/fr\/a-propos\/\" \/>\n<meta property=\"og:site_name\" content=\"Neff Pr\u00e4zision AG\" \/>\n<meta property=\"article:modified_time\" content=\"2024-02-28T13:02:47+00:00\" \/>\n<meta name=\"twitter:card\" content=\"summary_large_image\" \/>\n<meta name=\"twitter:label1\" content=\"Dur\u00e9e de lecture estim\u00e9e\" \/>\n\t<meta name=\"twitter:data1\" content=\"2 minutes\" \/>\n<script type=\"application\/ld+json\" class=\"yoast-schema-graph\">{\"@context\":\"https:\\\/\\\/schema.org\",\"@graph\":[{\"@type\":\"WebPage\",\"@id\":\"https:\\\/\\\/www.neffag.ch\\\/fr\\\/a-propos\\\/\",\"url\":\"https:\\\/\\\/www.neffag.ch\\\/fr\\\/a-propos\\\/\",\"name\":\"Qui sommes-nous? - Neff Pr\u00e4zision AG\",\"isPartOf\":{\"@id\":\"https:\\\/\\\/www.neffag.ch\\\/fr\\\/#website\"},\"datePublished\":\"2019-11-07T15:44:44+00:00\",\"dateModified\":\"2024-02-28T13:02:47+00:00\",\"breadcrumb\":{\"@id\":\"https:\\\/\\\/www.neffag.ch\\\/fr\\\/a-propos\\\/#breadcrumb\"},\"inLanguage\":\"fr-FR\",\"potentialAction\":[{\"@type\":\"ReadAction\",\"target\":[\"https:\\\/\\\/www.neffag.ch\\\/fr\\\/a-propos\\\/\"]}]},{\"@type\":\"BreadcrumbList\",\"@id\":\"https:\\\/\\\/www.neffag.ch\\\/fr\\\/a-propos\\\/#breadcrumb\",\"itemListElement\":[{\"@type\":\"ListItem\",\"position\":1,\"name\":\"Startseite\",\"item\":\"https:\\\/\\\/www.neffag.ch\\\/fr\\\/\"},{\"@type\":\"ListItem\",\"position\":2,\"name\":\"Qui sommes-nous?\"}]},{\"@type\":\"WebSite\",\"@id\":\"https:\\\/\\\/www.neffag.ch\\\/fr\\\/#website\",\"url\":\"https:\\\/\\\/www.neffag.ch\\\/fr\\\/\",\"name\":\"Neff Pr\u00e4zision AG\",\"description\":\"\",\"potentialAction\":[{\"@type\":\"SearchAction\",\"target\":{\"@type\":\"EntryPoint\",\"urlTemplate\":\"https:\\\/\\\/www.neffag.ch\\\/fr\\\/?s={search_term_string}\"},\"query-input\":{\"@type\":\"PropertyValueSpecification\",\"valueRequired\":true,\"valueName\":\"search_term_string\"}}],\"inLanguage\":\"fr-FR\"}]}<\/script>\n<!-- \/ Yoast SEO plugin. -->","yoast_head_json":{"title":"Qui sommes-nous? - Neff Pr\u00e4zision AG","robots":{"index":"index","follow":"follow","max-snippet":"max-snippet:-1","max-image-preview":"max-image-preview:large","max-video-preview":"max-video-preview:-1"},"canonical":"https:\/\/www.neffag.ch\/fr\/a-propos\/","og_locale":"fr_FR","og_type":"article","og_title":"Qui sommes-nous? - Neff Pr\u00e4zision AG","og_url":"https:\/\/www.neffag.ch\/fr\/a-propos\/","og_site_name":"Neff Pr\u00e4zision AG","article_modified_time":"2024-02-28T13:02:47+00:00","twitter_card":"summary_large_image","twitter_misc":{"Dur\u00e9e de lecture estim\u00e9e":"2 minutes"},"schema":{"@context":"https:\/\/schema.org","@graph":[{"@type":"WebPage","@id":"https:\/\/www.neffag.ch\/fr\/a-propos\/","url":"https:\/\/www.neffag.ch\/fr\/a-propos\/","name":"Qui sommes-nous? - Neff Pr\u00e4zision AG","isPartOf":{"@id":"https:\/\/www.neffag.ch\/fr\/#website"},"datePublished":"2019-11-07T15:44:44+00:00","dateModified":"2024-02-28T13:02:47+00:00","breadcrumb":{"@id":"https:\/\/www.neffag.ch\/fr\/a-propos\/#breadcrumb"},"inLanguage":"fr-FR","potentialAction":[{"@type":"ReadAction","target":["https:\/\/www.neffag.ch\/fr\/a-propos\/"]}]},{"@type":"BreadcrumbList","@id":"https:\/\/www.neffag.ch\/fr\/a-propos\/#breadcrumb","itemListElement":[{"@type":"ListItem","position":1,"name":"Startseite","item":"https:\/\/www.neffag.ch\/fr\/"},{"@type":"ListItem","position":2,"name":"Qui sommes-nous?"}]},{"@type":"WebSite","@id":"https:\/\/www.neffag.ch\/fr\/#website","url":"https:\/\/www.neffag.ch\/fr\/","name":"Neff Pr\u00e4zision AG","description":"","potentialAction":[{"@type":"SearchAction","target":{"@type":"EntryPoint","urlTemplate":"https:\/\/www.neffag.ch\/fr\/?s={search_term_string}"},"query-input":{"@type":"PropertyValueSpecification","valueRequired":true,"valueName":"search_term_string"}}],"inLanguage":"fr-FR"}]}},"_links":{"self":[{"href":"https:\/\/www.neffag.ch\/fr\/wp-json\/wp\/v2\/pages\/257","targetHints":{"allow":["GET"]}}],"collection":[{"href":"https:\/\/www.neffag.ch\/fr\/wp-json\/wp\/v2\/pages"}],"about":[{"href":"https:\/\/www.neffag.ch\/fr\/wp-json\/wp\/v2\/types\/page"}],"author":[{"embeddable":true,"href":"https:\/\/www.neffag.ch\/fr\/wp-json\/wp\/v2\/users\/2"}],"replies":[{"embeddable":true,"href":"https:\/\/www.neffag.ch\/fr\/wp-json\/wp\/v2\/comments?post=257"}],"version-history":[{"count":5,"href":"https:\/\/www.neffag.ch\/fr\/wp-json\/wp\/v2\/pages\/257\/revisions"}],"predecessor-version":[{"id":722,"href":"https:\/\/www.neffag.ch\/fr\/wp-json\/wp\/v2\/pages\/257\/revisions\/722"}],"wp:attachment":[{"href":"https:\/\/www.neffag.ch\/fr\/wp-json\/wp\/v2\/media?parent=257"}],"curies":[{"name":"wp","href":"https:\/\/api.w.org\/{rel}","templated":true}]}}