{"id":259,"date":"2019-11-07T15:46:30","date_gmt":"2019-11-07T15:46:30","guid":{"rendered":"https:\/\/www.neffag.ch\/team\/"},"modified":"2019-12-13T09:04:56","modified_gmt":"2019-12-13T09:04:56","slug":"team","status":"publish","type":"page","link":"https:\/\/www.neffag.ch\/fr\/team\/","title":{"rendered":"Team"},"content":{"rendered":"<div id='av_section_1'  class='avia-section av-k2nh5eor-50dd9bf8a86aca63fcf76efed0f102bb main_color avia-section-default avia-shadow  avia-builder-el-0  avia-builder-el-no-sibling  avia-bg-style-scroll container_wrap fullsize'  ><div class='container av-section-cont-open' ><main  role=\"main\" itemprop=\"mainContentOfPage\"  class='template-page content  av-content-full alpha units'><div class='post-entry post-entry-type-page post-entry-259'><div class='entry-content-wrapper clearfix'>\n\n<style type=\"text\/css\" data-created_by=\"avia_inline_auto\" id=\"style-css-av-8cndw-5dc3057d0ede4c61fdaeff901a66f074\">\n.flex_column.av-8cndw-5dc3057d0ede4c61fdaeff901a66f074{\nborder-radius:0px 0px 0px 0px;\npadding:0px 0px 0px 0px;\n}\n<\/style>\n<div  class='flex_column av-8cndw-5dc3057d0ede4c61fdaeff901a66f074 av_one_full  avia-builder-el-1  el_before_av_one_fourth  avia-builder-el-first  first flex_column_div av-zero-column-padding  '     ><section  class='av_textblock_section av-k2nh57da-d784f36e2b6b049e18694f5be3174a7d '   itemscope=\"itemscope\" itemtype=\"https:\/\/schema.org\/CreativeWork\" ><div class='avia_textblock'  itemprop=\"text\" ><h1>Interlocuteur<\/h1>\n<h2>Contactez-nous &#8211; nous sommes l\u00e0 pour vous<\/h2>\n<\/div><\/section><\/div>\n<style type=\"text\/css\" data-created_by=\"avia_inline_auto\" id=\"style-css-av-2pl78-dd4f228d2e65f09a1601bfde78c968bb\">\n.flex_column.av-2pl78-dd4f228d2e65f09a1601bfde78c968bb{\nborder-radius:0px 0px 0px 0px;\npadding:0px 0px 0px 0px;\n}\n<\/style>\n<div  class='flex_column av-2pl78-dd4f228d2e65f09a1601bfde78c968bb av_one_fourth  avia-builder-el-3  el_after_av_one_full  el_before_av_one_fourth  first flex_column_div av-zero-column-padding  column-top-margin'     ><section  class='av_textblock_section av-k2nhb7u6-2570f6644e46434b8bf74874b972f8ec '   itemscope=\"itemscope\" itemtype=\"https:\/\/schema.org\/CreativeWork\" ><div class='avia_textblock'  itemprop=\"text\" ><p><strong>Jer\u00f4me\u00a0Neff <\/strong><br \/>\nDirection de l&rsquo;entreprise \/ QM-s\u00e9curit<\/p>\n<p>T\u00e9l\u00e9phone +41 27 955 22 80<br \/>\nFax +41 27 955 22 88<br \/>\nEmail: <a href=\"&#109;&#x61;&#105;&#x6c;&#116;&#x6f;&#58;&#x6a;&#46;&#x6e;&#101;&#x66;&#102;&#x40;&#110;&#x65;&#102;&#x66;&#97;&#x67;&#46;&#x63;&#104;\">&#x6a;&#x2e;&#x6e;&#x65;&#x66;&#x66;&#64;&#110;&#101;&#102;fag&#46;&#x63;&#x68;<\/a><\/p>\n<\/div><\/section><\/div>\n<style type=\"text\/css\" data-created_by=\"avia_inline_auto\" id=\"style-css-av-jrqro-687b0e152bc9adcd93884b77ce844c16\">\n.flex_column.av-jrqro-687b0e152bc9adcd93884b77ce844c16{\nborder-radius:0px 0px 0px 0px;\npadding:0px 0px 0px 0px;\n}\n<\/style>\n<div  class='flex_column av-jrqro-687b0e152bc9adcd93884b77ce844c16 av_one_fourth  avia-builder-el-5  el_after_av_one_fourth  el_before_av_one_fourth  flex_column_div av-zero-column-padding  column-top-margin'     ><section  class='av_textblock_section av-k2nhb7u6-2570f6644e46434b8bf74874b972f8ec '   itemscope=\"itemscope\" itemtype=\"https:\/\/schema.org\/CreativeWork\" ><div class='avia_textblock'  itemprop=\"text\" ><p><strong>Luc Neff <\/strong><br \/>\nDirection de l&rsquo;entreprise \/ \u00e9chelle de production<\/p>\n<p>T\u00e9l\u00e9phone +41 27 955 22 80<br \/>\nFax +41 27 955 22 88<br \/>\nEmail: <a href=\"&#x6d;a&#x69;l&#x74;&#111;&#x3a;&#106;&#46;&#x6e;e&#x66;&#102;&#x40;&#110;&#x65;&#102;f&#x61;g&#x2e;&#99;&#x68;\">&#108;&#46;&#x6e;e&#102;&#x66;&#x40;n&#101;&#x66;&#x66;a&#103;&#x2e;c&#104;<\/a><\/p>\n<\/div><\/section><\/div>\n<style type=\"text\/css\" data-created_by=\"avia_inline_auto\" id=\"style-css-av-et5r8-a727fb4ff29443c575b6f35708d25c11\">\n.flex_column.av-et5r8-a727fb4ff29443c575b6f35708d25c11{\nborder-radius:0px 0px 0px 0px;\npadding:0px 0px 0px 0px;\n}\n<\/style>\n<div  class='flex_column av-et5r8-a727fb4ff29443c575b6f35708d25c11 av_one_fourth  avia-builder-el-7  el_after_av_one_fourth  el_before_av_one_fourth  flex_column_div av-zero-column-padding  column-top-margin'     ><section  class='av_textblock_section av-k2nhb7u6-2570f6644e46434b8bf74874b972f8ec '   itemscope=\"itemscope\" itemtype=\"https:\/\/schema.org\/CreativeWork\" ><div class='avia_textblock'  itemprop=\"text\" ><p><strong>Fr\u00e9deric Neff <\/strong><br \/>\nDirection de l&rsquo;entreprise \/ \u00e9chelle de production<\/p>\n<p>T\u00e9l\u00e9phone +41 27 955 22 80<br \/>\nFax +41 27 955 22 88<br \/>\nEmail: <a href=\"mailto:f&#46;nef&#102;&#64;&#110;&#101;&#102;&#102;&#97;&#103;&#46;&#99;&#104;\">&#x66;&#46;n&#x65;&#x66;&#102;&#64;&#x6e;&#x65;&#102;f&#x61;&#103;&#46;&#x63;&#x68;<\/a><\/p>\n<\/div><\/section><\/div>\n<style type=\"text\/css\" data-created_by=\"avia_inline_auto\" id=\"style-css-av-7361g-9b6450dc5c516921750d5afdaacbd418\">\n.flex_column.av-7361g-9b6450dc5c516921750d5afdaacbd418{\nborder-radius:0px 0px 0px 0px;\npadding:0px 0px 0px 0px;\n}\n<\/style>\n<div  class='flex_column av-7361g-9b6450dc5c516921750d5afdaacbd418 av_one_fourth  avia-builder-el-9  el_after_av_one_fourth  avia-builder-el-last  flex_column_div av-zero-column-padding  column-top-margin'     ><section  class='av_textblock_section av-k2nhb7u6-2570f6644e46434b8bf74874b972f8ec '   itemscope=\"itemscope\" itemtype=\"https:\/\/schema.org\/CreativeWork\" ><div class='avia_textblock'  itemprop=\"text\" ><p><strong>Nicole Cina-Anthamatten <\/strong><br \/>\nAdministration<\/p>\n<p>T\u00e9l\u00e9phone +41 27 955 22 80<br \/>\nFax +41 27 955 22 88<br \/>\nEmail: <a href=\"&#109;&#x61;i&#x6c;&#x74;&#111;&#x3a;i&#x6e;&#x66;&#111;&#x40;n&#x65;&#x66;&#102;&#x61;g&#x2e;&#x63;&#104;\">&#105;&#x6e;&#102;&#x6f;&#64;&#x6e;&#101;&#x66;&#102;&#x61;&#103;&#x2e;&#99;&#x68;<\/a><\/p>\n<\/div><\/section><\/div>\n","protected":false},"excerpt":{"rendered":"","protected":false},"author":2,"featured_media":0,"parent":0,"menu_order":0,"comment_status":"closed","ping_status":"closed","template":"","meta":{"footnotes":""},"class_list":["post-259","page","type-page","status-publish","hentry"],"yoast_head":"<!-- This site is optimized with the Yoast SEO plugin v27.4 - https:\/\/yoast.com\/product\/yoast-seo-wordpress\/ -->\n<title>Team - Neff Pr\u00e4zision AG<\/title>\n<meta name=\"robots\" content=\"index, follow, max-snippet:-1, max-image-preview:large, max-video-preview:-1\" \/>\n<link rel=\"canonical\" href=\"https:\/\/www.neffag.ch\/fr\/team\/\" \/>\n<meta property=\"og:locale\" content=\"fr_FR\" \/>\n<meta property=\"og:type\" content=\"article\" \/>\n<meta property=\"og:title\" content=\"Team - Neff Pr\u00e4zision AG\" \/>\n<meta property=\"og:url\" content=\"https:\/\/www.neffag.ch\/fr\/team\/\" \/>\n<meta property=\"og:site_name\" content=\"Neff Pr\u00e4zision AG\" \/>\n<meta property=\"article:modified_time\" content=\"2019-12-13T09:04:56+00:00\" \/>\n<meta name=\"twitter:card\" content=\"summary_large_image\" \/>\n<meta name=\"twitter:label1\" content=\"Dur\u00e9e de lecture estim\u00e9e\" \/>\n\t<meta name=\"twitter:data1\" content=\"5 minutes\" \/>\n<script type=\"application\/ld+json\" class=\"yoast-schema-graph\">{\"@context\":\"https:\\\/\\\/schema.org\",\"@graph\":[{\"@type\":\"WebPage\",\"@id\":\"https:\\\/\\\/www.neffag.ch\\\/fr\\\/team\\\/\",\"url\":\"https:\\\/\\\/www.neffag.ch\\\/fr\\\/team\\\/\",\"name\":\"Team - Neff Pr\u00e4zision AG\",\"isPartOf\":{\"@id\":\"https:\\\/\\\/www.neffag.ch\\\/fr\\\/#website\"},\"datePublished\":\"2019-11-07T15:46:30+00:00\",\"dateModified\":\"2019-12-13T09:04:56+00:00\",\"breadcrumb\":{\"@id\":\"https:\\\/\\\/www.neffag.ch\\\/fr\\\/team\\\/#breadcrumb\"},\"inLanguage\":\"fr-FR\",\"potentialAction\":[{\"@type\":\"ReadAction\",\"target\":[\"https:\\\/\\\/www.neffag.ch\\\/fr\\\/team\\\/\"]}]},{\"@type\":\"BreadcrumbList\",\"@id\":\"https:\\\/\\\/www.neffag.ch\\\/fr\\\/team\\\/#breadcrumb\",\"itemListElement\":[{\"@type\":\"ListItem\",\"position\":1,\"name\":\"Startseite\",\"item\":\"https:\\\/\\\/www.neffag.ch\\\/fr\\\/\"},{\"@type\":\"ListItem\",\"position\":2,\"name\":\"Team\"}]},{\"@type\":\"WebSite\",\"@id\":\"https:\\\/\\\/www.neffag.ch\\\/fr\\\/#website\",\"url\":\"https:\\\/\\\/www.neffag.ch\\\/fr\\\/\",\"name\":\"Neff Pr\u00e4zision AG\",\"description\":\"\",\"potentialAction\":[{\"@type\":\"SearchAction\",\"target\":{\"@type\":\"EntryPoint\",\"urlTemplate\":\"https:\\\/\\\/www.neffag.ch\\\/fr\\\/?s={search_term_string}\"},\"query-input\":{\"@type\":\"PropertyValueSpecification\",\"valueRequired\":true,\"valueName\":\"search_term_string\"}}],\"inLanguage\":\"fr-FR\"}]}<\/script>\n<!-- \/ Yoast SEO plugin. -->","yoast_head_json":{"title":"Team - Neff Pr\u00e4zision AG","robots":{"index":"index","follow":"follow","max-snippet":"max-snippet:-1","max-image-preview":"max-image-preview:large","max-video-preview":"max-video-preview:-1"},"canonical":"https:\/\/www.neffag.ch\/fr\/team\/","og_locale":"fr_FR","og_type":"article","og_title":"Team - Neff Pr\u00e4zision AG","og_url":"https:\/\/www.neffag.ch\/fr\/team\/","og_site_name":"Neff Pr\u00e4zision AG","article_modified_time":"2019-12-13T09:04:56+00:00","twitter_card":"summary_large_image","twitter_misc":{"Dur\u00e9e de lecture estim\u00e9e":"5 minutes"},"schema":{"@context":"https:\/\/schema.org","@graph":[{"@type":"WebPage","@id":"https:\/\/www.neffag.ch\/fr\/team\/","url":"https:\/\/www.neffag.ch\/fr\/team\/","name":"Team - Neff Pr\u00e4zision AG","isPartOf":{"@id":"https:\/\/www.neffag.ch\/fr\/#website"},"datePublished":"2019-11-07T15:46:30+00:00","dateModified":"2019-12-13T09:04:56+00:00","breadcrumb":{"@id":"https:\/\/www.neffag.ch\/fr\/team\/#breadcrumb"},"inLanguage":"fr-FR","potentialAction":[{"@type":"ReadAction","target":["https:\/\/www.neffag.ch\/fr\/team\/"]}]},{"@type":"BreadcrumbList","@id":"https:\/\/www.neffag.ch\/fr\/team\/#breadcrumb","itemListElement":[{"@type":"ListItem","position":1,"name":"Startseite","item":"https:\/\/www.neffag.ch\/fr\/"},{"@type":"ListItem","position":2,"name":"Team"}]},{"@type":"WebSite","@id":"https:\/\/www.neffag.ch\/fr\/#website","url":"https:\/\/www.neffag.ch\/fr\/","name":"Neff Pr\u00e4zision AG","description":"","potentialAction":[{"@type":"SearchAction","target":{"@type":"EntryPoint","urlTemplate":"https:\/\/www.neffag.ch\/fr\/?s={search_term_string}"},"query-input":{"@type":"PropertyValueSpecification","valueRequired":true,"valueName":"search_term_string"}}],"inLanguage":"fr-FR"}]}},"_links":{"self":[{"href":"https:\/\/www.neffag.ch\/fr\/wp-json\/wp\/v2\/pages\/259","targetHints":{"allow":["GET"]}}],"collection":[{"href":"https:\/\/www.neffag.ch\/fr\/wp-json\/wp\/v2\/pages"}],"about":[{"href":"https:\/\/www.neffag.ch\/fr\/wp-json\/wp\/v2\/types\/page"}],"author":[{"embeddable":true,"href":"https:\/\/www.neffag.ch\/fr\/wp-json\/wp\/v2\/users\/2"}],"replies":[{"embeddable":true,"href":"https:\/\/www.neffag.ch\/fr\/wp-json\/wp\/v2\/comments?post=259"}],"version-history":[{"count":3,"href":"https:\/\/www.neffag.ch\/fr\/wp-json\/wp\/v2\/pages\/259\/revisions"}],"predecessor-version":[{"id":550,"href":"https:\/\/www.neffag.ch\/fr\/wp-json\/wp\/v2\/pages\/259\/revisions\/550"}],"wp:attachment":[{"href":"https:\/\/www.neffag.ch\/fr\/wp-json\/wp\/v2\/media?parent=259"}],"curies":[{"name":"wp","href":"https:\/\/api.w.org\/{rel}","templated":true}]}}