{"id":265,"date":"2019-11-07T15:48:54","date_gmt":"2019-11-07T15:48:54","guid":{"rendered":"https:\/\/www.neffag.ch\/assurance-qualite\/"},"modified":"2024-08-09T13:07:42","modified_gmt":"2024-08-09T13:07:42","slug":"assurance-qualite","status":"publish","type":"page","link":"https:\/\/www.neffag.ch\/fr\/assurance-qualite\/","title":{"rendered":"Assurance qualit\u00e9"},"content":{"rendered":"<\/p>\n<div id='av_section_1'  class='avia-section av-3t2am-c3f3422e88f41ee102f964b1cdc8596a main_color avia-section-default avia-no-border-styling  avia-builder-el-0  avia-builder-el-no-sibling  avia-bg-style-scroll container_wrap fullsize'  ><div class='container av-section-cont-open' ><main  role=\"main\" itemprop=\"mainContentOfPage\"  class='template-page content  av-content-full alpha units'><div class='post-entry post-entry-type-page post-entry-265'><div class='entry-content-wrapper clearfix'>\n\n<style type=\"text\/css\" data-created_by=\"avia_inline_auto\" id=\"style-css-av-36xja-7bc5d7be49c012568740b5d21176efea\">\n.flex_column.av-36xja-7bc5d7be49c012568740b5d21176efea{\nborder-radius:0px 0px 0px 0px;\npadding:0px 0px 0px 0px;\n}\n<\/style>\n<div  class='flex_column av-36xja-7bc5d7be49c012568740b5d21176efea av_one_full  avia-builder-el-1  el_before_av_one_half  avia-builder-el-first  first flex_column_div av-zero-column-padding  '     ><section  class='av_textblock_section av-k2nhkmpk-21a9c6d0343269fcc9bdd024e8d3ba3e '   itemscope=\"itemscope\" itemtype=\"https:\/\/schema.org\/CreativeWork\" ><div class='avia_textblock'  itemprop=\"text\" ><div class=\"fwelement fwtext fwtext0 \">\n<h1>Assurance qualit\u00e9<\/h1>\n<div class=\"fwelement fwtitle fwtitle1 \">\n<h2>La qualit\u00e9 &#8211; une question de conviction<\/h2>\n<\/div>\n<div class=\"fwelement fwtext fwtext0 \">\n<p>En tant que client, vous pouvez \u00eatre s\u00fbr que chaque pi\u00e8ce tourn\u00e9e livr\u00e9e r\u00e9pond fid\u00e8lement aux dimensions et aux normes que vous sp\u00e9cifiez.<\/p>\n<p>La qualit\u00e9 est une question de conviction et ne doit pas seulement reposer sur le papier. La deuxi\u00e8me g\u00e9n\u00e9ration de <strong>NEFF PR\u00c4ZISION AG<\/strong> continue \u00e0 convaincre ses clients avec des pi\u00e8ces tourn\u00e9es de pr\u00e9cision de la plus haute qualit\u00e9 et d\u2019une qualit\u00e9 \u00e0 toute \u00e9preuve.<\/p>\n<p>La croissance constante du nombre de commandes et nos relations de longue date avec nos clients prouvent que nous sommes un partenaire fiable.<\/p>\n<p>Nous garantissons une gestion qualit\u00e9 permanente et compl\u00e8te en notre nom et avec la responsabilit\u00e9 personnelle des propri\u00e9taires. Les avantages pour vous\u00a0:<\/p>\n<ul>\n<li><strong>un traitement transparent des commandes<\/strong><\/li>\n<li><strong>une coop\u00e9ration dans un esprit de confiance<\/strong><\/li>\n<\/ul>\n<p>Nous alignons en permanence nos processus, op\u00e9rations et proc\u00e9dures de v\u00e9rification sur les normes de qualit\u00e9 internationales en vigueur (ISO 9001:2015).<\/p>\n<p>Nous travaillons avec des m\u00e9thodes de mesure et de v\u00e9rification \u00e9prouv\u00e9es. Le mat\u00e9riel de v\u00e9rification est \u00e9talonn\u00e9 r\u00e9guli\u00e8rement.<\/p>\n<p>Laissez-vous convaincre et mettez-nous \u00e0 l\u2019\u00e9preuve! D\u00e9couvrez comment <strong>NEFF PR\u00c4ZISION AG<\/strong> vit l\u2019assurance qualit\u00e9 sous tous ses aspects.<\/p>\n<p>Nous nous engageons \u00e0 convaincre par la qualit\u00e9 de nos produits et \u00e0 produire chaque jour des pi\u00e8ces tourn\u00e9es qui r\u00e9pondent pleinement \u00e0 vos attentes&#8230; ou qui les d\u00e9passent m\u00eame chaque jour davantage.<\/p>\n<p>Nous agissons avec rapidit\u00e9 et pr\u00e9cision tout en respectant les d\u00e9lais de livraison et en nous adaptant avec flexibilit\u00e9 aux besoins de nos clients.<\/p>\n<\/div>\n<h2><span class=\"tlid-translation translation\" lang=\"fr\"><span class=\"\" title=\"\">Certificats<\/span><\/span><\/h2>\n<\/div>\n<\/div><\/section><\/div>\n<style type=\"text\/css\" data-created_by=\"avia_inline_auto\" id=\"style-css-av-2l1ca-9a52978fa57adddb1e0e851a0bb5a3c8\">\n.flex_column.av-2l1ca-9a52978fa57adddb1e0e851a0bb5a3c8{\nborder-radius:0px 0px 0px 0px;\npadding:0px 0px 0px 0px;\n}\n<\/style>\n<div  class='flex_column av-2l1ca-9a52978fa57adddb1e0e851a0bb5a3c8 av_one_half  avia-builder-el-3  el_after_av_one_full  el_before_av_one_half  first flex_column_div av-zero-column-padding  column-top-margin'     ><style type=\"text\/css\" data-created_by=\"avia_inline_auto\" id=\"style-css-av-21nku-a33ac886d7c2d69b66d8da1fec5dc860\">\n.avia-image-container.av-21nku-a33ac886d7c2d69b66d8da1fec5dc860 img.avia_image{\nbox-shadow:none;\n}\n.avia-image-container.av-21nku-a33ac886d7c2d69b66d8da1fec5dc860 .av-image-caption-overlay-center{\ncolor:#ffffff;\n}\n<\/style>\n<div  class='avia-image-container av-21nku-a33ac886d7c2d69b66d8da1fec5dc860 av-styling- av-hover-grow av-hide-overflow avia-align-center  avia-builder-el-4  avia-builder-el-no-sibling '   itemprop=\"image\" itemscope=\"itemscope\" itemtype=\"https:\/\/schema.org\/ImageObject\" ><div class=\"avia-image-container-inner\"><div class=\"avia-image-overlay-wrap\"><a href=\"https:\/\/www.neffag.ch\/wp-content\/uploads\/2024\/06\/103538_en_15671.pdf\" class='avia_image' target=\"_blank\" rel=\"noopener noreferrer\" aria-label='sqs'><img decoding=\"async\" fetchpriority=\"high\" class='wp-image-147 avia-img-lazy-loading-not-147 avia_image ' src=\"https:\/\/www.neffag.ch\/wp-content\/uploads\/2019\/11\/sqs.png\" alt='' title='sqs'  height=\"62\" width=\"132\"  itemprop=\"thumbnailUrl\"  \/><\/a><\/div><\/div><\/div><\/div>\n<style type=\"text\/css\" data-created_by=\"avia_inline_auto\" id=\"style-css-av-1qvdu-23ad2a761efb1a5d6fe3df7259a7c237\">\n.flex_column.av-1qvdu-23ad2a761efb1a5d6fe3df7259a7c237{\nborder-radius:0px 0px 0px 0px;\npadding:0px 0px 0px 0px;\n}\n<\/style>\n<div  class='flex_column av-1qvdu-23ad2a761efb1a5d6fe3df7259a7c237 av_one_half  avia-builder-el-5  el_after_av_one_half  avia-builder-el-last  flex_column_div av-zero-column-padding  column-top-margin'     ><style type=\"text\/css\" data-created_by=\"avia_inline_auto\" id=\"style-css-av-1618a-d748ae2bca7e4abf755136316194fd21\">\n.avia-image-container.av-1618a-d748ae2bca7e4abf755136316194fd21 img.avia_image{\nbox-shadow:none;\n}\n.avia-image-container.av-1618a-d748ae2bca7e4abf755136316194fd21 .av-image-caption-overlay-center{\ncolor:#ffffff;\n}\n<\/style>\n<div  class='avia-image-container av-1618a-d748ae2bca7e4abf755136316194fd21 av-styling- av-hover-grow av-hide-overflow avia-align-center  avia-builder-el-6  avia-builder-el-no-sibling '   itemprop=\"image\" itemscope=\"itemscope\" itemtype=\"https:\/\/schema.org\/ImageObject\" ><div class=\"avia-image-container-inner\"><div class=\"avia-image-overlay-wrap\"><a href=\"https:\/\/www.neffag.ch\/wp-content\/uploads\/2024\/06\/103538_iq_15671.pdf\" class='avia_image' target=\"_blank\" rel=\"noopener noreferrer\" aria-label='iqnet'><img decoding=\"async\" fetchpriority=\"high\" class='wp-image-150 avia-img-lazy-loading-not-150 avia_image ' src=\"https:\/\/www.neffag.ch\/wp-content\/uploads\/2019\/11\/iqnet.png\" alt='' title='iqnet'  height=\"200\" width=\"200\"  itemprop=\"thumbnailUrl\" srcset=\"https:\/\/www.neffag.ch\/wp-content\/uploads\/2019\/11\/iqnet.png 200w, https:\/\/www.neffag.ch\/wp-content\/uploads\/2019\/11\/iqnet-80x80.png 80w, https:\/\/www.neffag.ch\/wp-content\/uploads\/2019\/11\/iqnet-36x36.png 36w, https:\/\/www.neffag.ch\/wp-content\/uploads\/2019\/11\/iqnet-180x180.png 180w\" sizes=\"(max-width: 200px) 100vw, 200px\" \/><\/a><\/div><\/div><\/div><\/div>\n","protected":false},"excerpt":{"rendered":"","protected":false},"author":2,"featured_media":0,"parent":0,"menu_order":0,"comment_status":"closed","ping_status":"closed","template":"","meta":{"footnotes":""},"class_list":["post-265","page","type-page","status-publish","hentry"],"yoast_head":"<!-- This site is optimized with the Yoast SEO plugin v27.5 - https:\/\/yoast.com\/product\/yoast-seo-wordpress\/ -->\n<title>Assurance qualit\u00e9 - Neff Pr\u00e4zision AG<\/title>\n<meta name=\"robots\" content=\"index, follow, max-snippet:-1, max-image-preview:large, max-video-preview:-1\" \/>\n<link rel=\"canonical\" href=\"https:\/\/www.neffag.ch\/fr\/assurance-qualite\/\" \/>\n<meta property=\"og:locale\" content=\"fr_FR\" \/>\n<meta property=\"og:type\" content=\"article\" \/>\n<meta property=\"og:title\" content=\"Assurance qualit\u00e9 - Neff Pr\u00e4zision AG\" \/>\n<meta property=\"og:url\" content=\"https:\/\/www.neffag.ch\/fr\/assurance-qualite\/\" \/>\n<meta property=\"og:site_name\" content=\"Neff Pr\u00e4zision AG\" \/>\n<meta property=\"article:modified_time\" content=\"2024-08-09T13:07:42+00:00\" \/>\n<meta name=\"twitter:card\" content=\"summary_large_image\" \/>\n<meta name=\"twitter:label1\" content=\"Dur\u00e9e de lecture estim\u00e9e\" \/>\n\t<meta name=\"twitter:data1\" content=\"2 minutes\" \/>\n<script type=\"application\/ld+json\" class=\"yoast-schema-graph\">{\"@context\":\"https:\\\/\\\/schema.org\",\"@graph\":[{\"@type\":\"WebPage\",\"@id\":\"https:\\\/\\\/www.neffag.ch\\\/fr\\\/assurance-qualite\\\/\",\"url\":\"https:\\\/\\\/www.neffag.ch\\\/fr\\\/assurance-qualite\\\/\",\"name\":\"Assurance qualit\u00e9 - Neff Pr\u00e4zision AG\",\"isPartOf\":{\"@id\":\"https:\\\/\\\/www.neffag.ch\\\/fr\\\/#website\"},\"datePublished\":\"2019-11-07T15:48:54+00:00\",\"dateModified\":\"2024-08-09T13:07:42+00:00\",\"breadcrumb\":{\"@id\":\"https:\\\/\\\/www.neffag.ch\\\/fr\\\/assurance-qualite\\\/#breadcrumb\"},\"inLanguage\":\"fr-FR\",\"potentialAction\":[{\"@type\":\"ReadAction\",\"target\":[\"https:\\\/\\\/www.neffag.ch\\\/fr\\\/assurance-qualite\\\/\"]}]},{\"@type\":\"BreadcrumbList\",\"@id\":\"https:\\\/\\\/www.neffag.ch\\\/fr\\\/assurance-qualite\\\/#breadcrumb\",\"itemListElement\":[{\"@type\":\"ListItem\",\"position\":1,\"name\":\"Startseite\",\"item\":\"https:\\\/\\\/www.neffag.ch\\\/fr\\\/\"},{\"@type\":\"ListItem\",\"position\":2,\"name\":\"Assurance qualit\u00e9\"}]},{\"@type\":\"WebSite\",\"@id\":\"https:\\\/\\\/www.neffag.ch\\\/fr\\\/#website\",\"url\":\"https:\\\/\\\/www.neffag.ch\\\/fr\\\/\",\"name\":\"Neff Pr\u00e4zision AG\",\"description\":\"\",\"potentialAction\":[{\"@type\":\"SearchAction\",\"target\":{\"@type\":\"EntryPoint\",\"urlTemplate\":\"https:\\\/\\\/www.neffag.ch\\\/fr\\\/?s={search_term_string}\"},\"query-input\":{\"@type\":\"PropertyValueSpecification\",\"valueRequired\":true,\"valueName\":\"search_term_string\"}}],\"inLanguage\":\"fr-FR\"}]}<\/script>\n<!-- \/ Yoast SEO plugin. -->","yoast_head_json":{"title":"Assurance qualit\u00e9 - Neff Pr\u00e4zision AG","robots":{"index":"index","follow":"follow","max-snippet":"max-snippet:-1","max-image-preview":"max-image-preview:large","max-video-preview":"max-video-preview:-1"},"canonical":"https:\/\/www.neffag.ch\/fr\/assurance-qualite\/","og_locale":"fr_FR","og_type":"article","og_title":"Assurance qualit\u00e9 - Neff Pr\u00e4zision AG","og_url":"https:\/\/www.neffag.ch\/fr\/assurance-qualite\/","og_site_name":"Neff Pr\u00e4zision AG","article_modified_time":"2024-08-09T13:07:42+00:00","twitter_card":"summary_large_image","twitter_misc":{"Dur\u00e9e de lecture estim\u00e9e":"2 minutes"},"schema":{"@context":"https:\/\/schema.org","@graph":[{"@type":"WebPage","@id":"https:\/\/www.neffag.ch\/fr\/assurance-qualite\/","url":"https:\/\/www.neffag.ch\/fr\/assurance-qualite\/","name":"Assurance qualit\u00e9 - Neff Pr\u00e4zision AG","isPartOf":{"@id":"https:\/\/www.neffag.ch\/fr\/#website"},"datePublished":"2019-11-07T15:48:54+00:00","dateModified":"2024-08-09T13:07:42+00:00","breadcrumb":{"@id":"https:\/\/www.neffag.ch\/fr\/assurance-qualite\/#breadcrumb"},"inLanguage":"fr-FR","potentialAction":[{"@type":"ReadAction","target":["https:\/\/www.neffag.ch\/fr\/assurance-qualite\/"]}]},{"@type":"BreadcrumbList","@id":"https:\/\/www.neffag.ch\/fr\/assurance-qualite\/#breadcrumb","itemListElement":[{"@type":"ListItem","position":1,"name":"Startseite","item":"https:\/\/www.neffag.ch\/fr\/"},{"@type":"ListItem","position":2,"name":"Assurance qualit\u00e9"}]},{"@type":"WebSite","@id":"https:\/\/www.neffag.ch\/fr\/#website","url":"https:\/\/www.neffag.ch\/fr\/","name":"Neff Pr\u00e4zision AG","description":"","potentialAction":[{"@type":"SearchAction","target":{"@type":"EntryPoint","urlTemplate":"https:\/\/www.neffag.ch\/fr\/?s={search_term_string}"},"query-input":{"@type":"PropertyValueSpecification","valueRequired":true,"valueName":"search_term_string"}}],"inLanguage":"fr-FR"}]}},"_links":{"self":[{"href":"https:\/\/www.neffag.ch\/fr\/wp-json\/wp\/v2\/pages\/265","targetHints":{"allow":["GET"]}}],"collection":[{"href":"https:\/\/www.neffag.ch\/fr\/wp-json\/wp\/v2\/pages"}],"about":[{"href":"https:\/\/www.neffag.ch\/fr\/wp-json\/wp\/v2\/types\/page"}],"author":[{"embeddable":true,"href":"https:\/\/www.neffag.ch\/fr\/wp-json\/wp\/v2\/users\/2"}],"replies":[{"embeddable":true,"href":"https:\/\/www.neffag.ch\/fr\/wp-json\/wp\/v2\/comments?post=265"}],"version-history":[{"count":11,"href":"https:\/\/www.neffag.ch\/fr\/wp-json\/wp\/v2\/pages\/265\/revisions"}],"predecessor-version":[{"id":765,"href":"https:\/\/www.neffag.ch\/fr\/wp-json\/wp\/v2\/pages\/265\/revisions\/765"}],"wp:attachment":[{"href":"https:\/\/www.neffag.ch\/fr\/wp-json\/wp\/v2\/media?parent=265"}],"curies":[{"name":"wp","href":"https:\/\/api.w.org\/{rel}","templated":true}]}}