{"id":267,"date":"2019-11-07T15:55:40","date_gmt":"2019-11-07T15:55:40","guid":{"rendered":"https:\/\/www.neffag.ch\/parc-de-machine-possibilite-dassemblage\/"},"modified":"2019-12-13T09:10:01","modified_gmt":"2019-12-13T09:10:01","slug":"parc-de-machine-possibilite-dassemblage","status":"publish","type":"page","link":"https:\/\/www.neffag.ch\/fr\/parc-de-machine-possibilite-dassemblage\/","title":{"rendered":"Machinerie \/ capacit\u00e9s de production"},"content":{"rendered":"<div id='av_section_1'  class='avia-section av-k2nh5eor-50dd9bf8a86aca63fcf76efed0f102bb main_color avia-section-default avia-shadow  avia-builder-el-0  avia-builder-el-no-sibling  avia-bg-style-scroll container_wrap fullsize'  ><div class='container av-section-cont-open' ><main  role=\"main\" itemprop=\"mainContentOfPage\"  class='template-page content  av-content-full alpha units'><div class='post-entry post-entry-type-page post-entry-267'><div class='entry-content-wrapper clearfix'>\n\n<style type=\"text\/css\" data-created_by=\"avia_inline_auto\" id=\"style-css-av-8cndw-5dc3057d0ede4c61fdaeff901a66f074\">\n.flex_column.av-8cndw-5dc3057d0ede4c61fdaeff901a66f074{\nborder-radius:0px 0px 0px 0px;\npadding:0px 0px 0px 0px;\n}\n<\/style>\n<div  class='flex_column av-8cndw-5dc3057d0ede4c61fdaeff901a66f074 av_one_full  avia-builder-el-1  avia-builder-el-no-sibling  first flex_column_div av-zero-column-padding  '     ><section  class='av_textblock_section av-k2nh57da-d784f36e2b6b049e18694f5be3174a7d '   itemscope=\"itemscope\" itemtype=\"https:\/\/schema.org\/CreativeWork\" ><div class='avia_textblock'  itemprop=\"text\" ><div class=\"fwelement fwtitle fwtitle1 \">\n<h1>Machinerie \/ capacit\u00e9s de production<\/h1>\n<\/div>\n<div class=\"fwelement fwtext fwtext0 \">\n<p>Notre \u00e9quipe de sp\u00e9cialistes hautement motiv\u00e9s dispose d\u2019options d\u2019usinage rationnelles pour la fabrication de pi\u00e8ces de machinerie, de pi\u00e8ces d\u2019outillage, de produits sur mesure et de grandes s\u00e9ries. Des investissements permanents dans les moyens de production les plus modernes sont d\u2019une importance d\u00e9cisive pour pouvoir continuer \u00e0 r\u00e9pondre aux exigences sans cesse croissantes de nos clients.<\/p>\n<\/div>\n<\/div><\/section><\/div>\n","protected":false},"excerpt":{"rendered":"","protected":false},"author":2,"featured_media":0,"parent":0,"menu_order":0,"comment_status":"closed","ping_status":"closed","template":"","meta":{"footnotes":""},"class_list":["post-267","page","type-page","status-publish","hentry"],"yoast_head":"<!-- This site is optimized with the Yoast SEO plugin v27.4 - https:\/\/yoast.com\/product\/yoast-seo-wordpress\/ -->\n<title>Machinerie \/ capacit\u00e9s de production - Neff Pr\u00e4zision AG<\/title>\n<meta name=\"robots\" content=\"index, follow, max-snippet:-1, max-image-preview:large, max-video-preview:-1\" \/>\n<link rel=\"canonical\" href=\"https:\/\/www.neffag.ch\/fr\/parc-de-machine-possibilite-dassemblage\/\" \/>\n<meta property=\"og:locale\" content=\"fr_FR\" \/>\n<meta property=\"og:type\" content=\"article\" \/>\n<meta property=\"og:title\" content=\"Machinerie \/ capacit\u00e9s de production - Neff Pr\u00e4zision AG\" \/>\n<meta property=\"og:url\" content=\"https:\/\/www.neffag.ch\/fr\/parc-de-machine-possibilite-dassemblage\/\" \/>\n<meta property=\"og:site_name\" content=\"Neff Pr\u00e4zision AG\" \/>\n<meta property=\"article:modified_time\" content=\"2019-12-13T09:10:01+00:00\" \/>\n<meta name=\"twitter:card\" content=\"summary_large_image\" \/>\n<meta name=\"twitter:label1\" content=\"Dur\u00e9e de lecture estim\u00e9e\" \/>\n\t<meta name=\"twitter:data1\" content=\"2 minutes\" \/>\n<script type=\"application\/ld+json\" class=\"yoast-schema-graph\">{\"@context\":\"https:\\\/\\\/schema.org\",\"@graph\":[{\"@type\":\"WebPage\",\"@id\":\"https:\\\/\\\/www.neffag.ch\\\/fr\\\/parc-de-machine-possibilite-dassemblage\\\/\",\"url\":\"https:\\\/\\\/www.neffag.ch\\\/fr\\\/parc-de-machine-possibilite-dassemblage\\\/\",\"name\":\"Machinerie \\\/ capacit\u00e9s de production - Neff Pr\u00e4zision AG\",\"isPartOf\":{\"@id\":\"https:\\\/\\\/www.neffag.ch\\\/fr\\\/#website\"},\"datePublished\":\"2019-11-07T15:55:40+00:00\",\"dateModified\":\"2019-12-13T09:10:01+00:00\",\"breadcrumb\":{\"@id\":\"https:\\\/\\\/www.neffag.ch\\\/fr\\\/parc-de-machine-possibilite-dassemblage\\\/#breadcrumb\"},\"inLanguage\":\"fr-FR\",\"potentialAction\":[{\"@type\":\"ReadAction\",\"target\":[\"https:\\\/\\\/www.neffag.ch\\\/fr\\\/parc-de-machine-possibilite-dassemblage\\\/\"]}]},{\"@type\":\"BreadcrumbList\",\"@id\":\"https:\\\/\\\/www.neffag.ch\\\/fr\\\/parc-de-machine-possibilite-dassemblage\\\/#breadcrumb\",\"itemListElement\":[{\"@type\":\"ListItem\",\"position\":1,\"name\":\"Startseite\",\"item\":\"https:\\\/\\\/www.neffag.ch\\\/fr\\\/\"},{\"@type\":\"ListItem\",\"position\":2,\"name\":\"Machinerie \\\/ capacit\u00e9s de production\"}]},{\"@type\":\"WebSite\",\"@id\":\"https:\\\/\\\/www.neffag.ch\\\/fr\\\/#website\",\"url\":\"https:\\\/\\\/www.neffag.ch\\\/fr\\\/\",\"name\":\"Neff Pr\u00e4zision AG\",\"description\":\"\",\"potentialAction\":[{\"@type\":\"SearchAction\",\"target\":{\"@type\":\"EntryPoint\",\"urlTemplate\":\"https:\\\/\\\/www.neffag.ch\\\/fr\\\/?s={search_term_string}\"},\"query-input\":{\"@type\":\"PropertyValueSpecification\",\"valueRequired\":true,\"valueName\":\"search_term_string\"}}],\"inLanguage\":\"fr-FR\"}]}<\/script>\n<!-- \/ Yoast SEO plugin. -->","yoast_head_json":{"title":"Machinerie \/ capacit\u00e9s de production - Neff Pr\u00e4zision AG","robots":{"index":"index","follow":"follow","max-snippet":"max-snippet:-1","max-image-preview":"max-image-preview:large","max-video-preview":"max-video-preview:-1"},"canonical":"https:\/\/www.neffag.ch\/fr\/parc-de-machine-possibilite-dassemblage\/","og_locale":"fr_FR","og_type":"article","og_title":"Machinerie \/ capacit\u00e9s de production - Neff Pr\u00e4zision AG","og_url":"https:\/\/www.neffag.ch\/fr\/parc-de-machine-possibilite-dassemblage\/","og_site_name":"Neff Pr\u00e4zision AG","article_modified_time":"2019-12-13T09:10:01+00:00","twitter_card":"summary_large_image","twitter_misc":{"Dur\u00e9e de lecture estim\u00e9e":"2 minutes"},"schema":{"@context":"https:\/\/schema.org","@graph":[{"@type":"WebPage","@id":"https:\/\/www.neffag.ch\/fr\/parc-de-machine-possibilite-dassemblage\/","url":"https:\/\/www.neffag.ch\/fr\/parc-de-machine-possibilite-dassemblage\/","name":"Machinerie \/ capacit\u00e9s de production - Neff Pr\u00e4zision AG","isPartOf":{"@id":"https:\/\/www.neffag.ch\/fr\/#website"},"datePublished":"2019-11-07T15:55:40+00:00","dateModified":"2019-12-13T09:10:01+00:00","breadcrumb":{"@id":"https:\/\/www.neffag.ch\/fr\/parc-de-machine-possibilite-dassemblage\/#breadcrumb"},"inLanguage":"fr-FR","potentialAction":[{"@type":"ReadAction","target":["https:\/\/www.neffag.ch\/fr\/parc-de-machine-possibilite-dassemblage\/"]}]},{"@type":"BreadcrumbList","@id":"https:\/\/www.neffag.ch\/fr\/parc-de-machine-possibilite-dassemblage\/#breadcrumb","itemListElement":[{"@type":"ListItem","position":1,"name":"Startseite","item":"https:\/\/www.neffag.ch\/fr\/"},{"@type":"ListItem","position":2,"name":"Machinerie \/ capacit\u00e9s de production"}]},{"@type":"WebSite","@id":"https:\/\/www.neffag.ch\/fr\/#website","url":"https:\/\/www.neffag.ch\/fr\/","name":"Neff Pr\u00e4zision AG","description":"","potentialAction":[{"@type":"SearchAction","target":{"@type":"EntryPoint","urlTemplate":"https:\/\/www.neffag.ch\/fr\/?s={search_term_string}"},"query-input":{"@type":"PropertyValueSpecification","valueRequired":true,"valueName":"search_term_string"}}],"inLanguage":"fr-FR"}]}},"_links":{"self":[{"href":"https:\/\/www.neffag.ch\/fr\/wp-json\/wp\/v2\/pages\/267","targetHints":{"allow":["GET"]}}],"collection":[{"href":"https:\/\/www.neffag.ch\/fr\/wp-json\/wp\/v2\/pages"}],"about":[{"href":"https:\/\/www.neffag.ch\/fr\/wp-json\/wp\/v2\/types\/page"}],"author":[{"embeddable":true,"href":"https:\/\/www.neffag.ch\/fr\/wp-json\/wp\/v2\/users\/2"}],"replies":[{"embeddable":true,"href":"https:\/\/www.neffag.ch\/fr\/wp-json\/wp\/v2\/comments?post=267"}],"version-history":[{"count":4,"href":"https:\/\/www.neffag.ch\/fr\/wp-json\/wp\/v2\/pages\/267\/revisions"}],"predecessor-version":[{"id":554,"href":"https:\/\/www.neffag.ch\/fr\/wp-json\/wp\/v2\/pages\/267\/revisions\/554"}],"wp:attachment":[{"href":"https:\/\/www.neffag.ch\/fr\/wp-json\/wp\/v2\/media?parent=267"}],"curies":[{"name":"wp","href":"https:\/\/api.w.org\/{rel}","templated":true}]}}