{"id":273,"date":"2019-11-07T15:59:05","date_gmt":"2019-11-07T15:59:05","guid":{"rendered":"https:\/\/www.neffag.ch\/downloads\/"},"modified":"2024-08-09T13:08:07","modified_gmt":"2024-08-09T13:08:07","slug":"downloads","status":"publish","type":"page","link":"https:\/\/www.neffag.ch\/fr\/downloads\/","title":{"rendered":"Downloads"},"content":{"rendered":"<\/p>\n<div id='av_section_1'  class='avia-section av-k2nh5eor-50dd9bf8a86aca63fcf76efed0f102bb main_color avia-section-default avia-shadow  avia-builder-el-0  avia-builder-el-no-sibling  avia-bg-style-scroll container_wrap fullsize'  ><div class='container av-section-cont-open' ><main  role=\"main\" itemprop=\"mainContentOfPage\"  class='template-page content  av-content-full alpha units'><div class='post-entry post-entry-type-page post-entry-273'><div class='entry-content-wrapper clearfix'>\n\n<style type=\"text\/css\" data-created_by=\"avia_inline_auto\" id=\"style-css-av-8cndw-5dc3057d0ede4c61fdaeff901a66f074\">\n.flex_column.av-8cndw-5dc3057d0ede4c61fdaeff901a66f074{\nborder-radius:0px 0px 0px 0px;\npadding:0px 0px 0px 0px;\n}\n<\/style>\n<div  class='flex_column av-8cndw-5dc3057d0ede4c61fdaeff901a66f074 av_one_full  avia-builder-el-1  el_before_av_one_fourth  avia-builder-el-first  first flex_column_div av-zero-column-padding  '     ><section  class='av_textblock_section av-k2nh57da-d784f36e2b6b049e18694f5be3174a7d '   itemscope=\"itemscope\" itemtype=\"https:\/\/schema.org\/CreativeWork\" ><div class='avia_textblock'  itemprop=\"text\" ><h1>Downloads<\/h1>\n<h2><span class=\"tlid-translation translation\" lang=\"fr\"><span class=\"\" title=\"\">Certifications<\/span><\/span><\/h2>\n<\/div><\/section><\/div>\n<style type=\"text\/css\" data-created_by=\"avia_inline_auto\" id=\"style-css-av-hhcq2-0a551eacdf29eba241ff42fef5cb0780\">\n.flex_column.av-hhcq2-0a551eacdf29eba241ff42fef5cb0780{\nborder-radius:0px 0px 0px 0px;\npadding:0px 0px 0px 0px;\n}\n<\/style>\n<div  class='flex_column av-hhcq2-0a551eacdf29eba241ff42fef5cb0780 av_one_fourth  avia-builder-el-3  el_after_av_one_full  el_before_av_one_fourth  first flex_column_div av-zero-column-padding  column-top-margin'     ><style type=\"text\/css\" data-created_by=\"avia_inline_auto\" id=\"style-css-av-k2ouhekb-73270f0699592028e05215842dbe3690\">\n.avia-image-container.av-k2ouhekb-73270f0699592028e05215842dbe3690 img.avia_image{\nbox-shadow:none;\n}\n.avia-image-container.av-k2ouhekb-73270f0699592028e05215842dbe3690 .av-image-caption-overlay-center{\ncolor:#ffffff;\n}\n<\/style>\n<div  class='avia-image-container av-k2ouhekb-73270f0699592028e05215842dbe3690 av-styling- av-hover-grow av-hide-overflow avia-align-center  avia-builder-el-4  avia-builder-el-no-sibling '   itemprop=\"image\" itemscope=\"itemscope\" itemtype=\"https:\/\/schema.org\/ImageObject\" ><div class=\"avia-image-container-inner\"><div class=\"avia-image-overlay-wrap\"><a href=\"https:\/\/www.neffag.ch\/wp-content\/uploads\/2024\/06\/103538_en_15671.pdf\" class='avia_image' target=\"_blank\" rel=\"noopener noreferrer\" aria-label='sqs'><img decoding=\"async\" fetchpriority=\"high\" class='wp-image-147 avia-img-lazy-loading-not-147 avia_image ' src=\"https:\/\/www.neffag.ch\/wp-content\/uploads\/2019\/11\/sqs.png\" alt='' title='sqs'  height=\"62\" width=\"132\"  itemprop=\"thumbnailUrl\"  \/><\/a><\/div><\/div><\/div><\/div>\n<style type=\"text\/css\" data-created_by=\"avia_inline_auto\" id=\"style-css-av-blheq-a8cda5a104af46e5a4afcd64015536bb\">\n.flex_column.av-blheq-a8cda5a104af46e5a4afcd64015536bb{\nborder-radius:0px 0px 0px 0px;\npadding:0px 0px 0px 0px;\n}\n<\/style>\n<div  class='flex_column av-blheq-a8cda5a104af46e5a4afcd64015536bb av_one_fourth  avia-builder-el-5  el_after_av_one_fourth  el_before_av_one_full  flex_column_div av-zero-column-padding  column-top-margin'     ><style type=\"text\/css\" data-created_by=\"avia_inline_auto\" id=\"style-css-av-k2ouhsym-8745bfc87d1d67ba55c971cf1f6cbc53\">\n.avia-image-container.av-k2ouhsym-8745bfc87d1d67ba55c971cf1f6cbc53 img.avia_image{\nbox-shadow:none;\n}\n.avia-image-container.av-k2ouhsym-8745bfc87d1d67ba55c971cf1f6cbc53 .av-image-caption-overlay-center{\ncolor:#ffffff;\n}\n<\/style>\n<div  class='avia-image-container av-k2ouhsym-8745bfc87d1d67ba55c971cf1f6cbc53 av-styling- av-hover-grow av-hide-overflow avia-align-center  avia-builder-el-6  avia-builder-el-no-sibling '   itemprop=\"image\" itemscope=\"itemscope\" itemtype=\"https:\/\/schema.org\/ImageObject\" ><div class=\"avia-image-container-inner\"><div class=\"avia-image-overlay-wrap\"><a href=\"https:\/\/www.neffag.ch\/wp-content\/uploads\/2024\/06\/103538_iq_15671.pdf\" class='avia_image' target=\"_blank\" rel=\"noopener noreferrer\" aria-label='iqnet'><img decoding=\"async\" fetchpriority=\"high\" class='wp-image-150 avia-img-lazy-loading-not-150 avia_image ' src=\"https:\/\/www.neffag.ch\/wp-content\/uploads\/2019\/11\/iqnet.png\" alt='' title='iqnet'  height=\"200\" width=\"200\"  itemprop=\"thumbnailUrl\" srcset=\"https:\/\/www.neffag.ch\/wp-content\/uploads\/2019\/11\/iqnet.png 200w, https:\/\/www.neffag.ch\/wp-content\/uploads\/2019\/11\/iqnet-80x80.png 80w, https:\/\/www.neffag.ch\/wp-content\/uploads\/2019\/11\/iqnet-36x36.png 36w, https:\/\/www.neffag.ch\/wp-content\/uploads\/2019\/11\/iqnet-180x180.png 180w\" sizes=\"(max-width: 200px) 100vw, 200px\" \/><\/a><\/div><\/div><\/div><\/div>\n<style type=\"text\/css\" data-created_by=\"avia_inline_auto\" id=\"style-css-av-8cndw-5dc3057d0ede4c61fdaeff901a66f074\">\n.flex_column.av-8cndw-5dc3057d0ede4c61fdaeff901a66f074{\nborder-radius:0px 0px 0px 0px;\npadding:0px 0px 0px 0px;\n}\n<\/style>\n<div  class='flex_column av-8cndw-5dc3057d0ede4c61fdaeff901a66f074 av_one_full  avia-builder-el-7  el_after_av_one_fourth  el_before_av_one_fourth  first flex_column_div av-zero-column-padding  column-top-margin'     ><section  class='av_textblock_section av-k2nh57da-954c9dafde1ac4af9a07d53bb6c8ae31 '   itemscope=\"itemscope\" itemtype=\"https:\/\/schema.org\/CreativeWork\" ><div class='avia_textblock'  itemprop=\"text\" ><h2>Verschiedenes<\/h2>\n<p><a href=\"https:\/\/www.neffag.ch\/wp-content\/uploads\/2019\/11\/smmanwenderbericht.pdf\">SMM Anwenderbericht (PDF)<\/a><\/p>\n<h2>Brochure<\/h2>\n<\/div><\/section><\/div>\n<style type=\"text\/css\" data-created_by=\"avia_inline_auto\" id=\"style-css-av-blheq-1f926943b302e14ca185708016491409\">\n.flex_column.av-blheq-1f926943b302e14ca185708016491409{\nborder-radius:0px 0px 0px 0px;\npadding:0px 0px 0px 0px;\n}\n<\/style>\n<div  class='flex_column av-blheq-1f926943b302e14ca185708016491409 av_one_fourth  avia-builder-el-9  el_after_av_one_full  avia-builder-el-last  first flex_column_div av-zero-column-padding  column-top-margin'     ><style type=\"text\/css\" data-created_by=\"avia_inline_auto\" id=\"style-css-av-k2ouhsym-28418c1e38c03b5096cba5e2bda550e5\">\n.avia-image-container.av-k2ouhsym-28418c1e38c03b5096cba5e2bda550e5 img.avia_image{\nbox-shadow:none;\n}\n.avia-image-container.av-k2ouhsym-28418c1e38c03b5096cba5e2bda550e5 .av-image-caption-overlay-center{\ncolor:#ffffff;\n}\n<\/style>\n<div  class='avia-image-container av-k2ouhsym-28418c1e38c03b5096cba5e2bda550e5 av-styling- av-hover-grow av-hide-overflow avia-align-center  avia-builder-el-10  avia-builder-el-no-sibling '   itemprop=\"image\" itemscope=\"itemscope\" itemtype=\"https:\/\/schema.org\/ImageObject\" ><div class=\"avia-image-container-inner\"><div class=\"avia-image-overlay-wrap\"><a href=\"https:\/\/www.unserebroschuere.ch\/Neff_Praezision_FR\/WebView\/\" class='avia_image' target=\"_blank\" rel=\"noopener noreferrer\" aria-label='frontpage_fr'><img decoding=\"async\" fetchpriority=\"high\" class='wp-image-580 avia-img-lazy-loading-not-580 avia_image ' src=\"https:\/\/www.neffag.ch\/wp-content\/uploads\/2020\/02\/frontpage-1.jpg\" alt='' title='frontpage_fr'  height=\"249\" width=\"176\"  itemprop=\"thumbnailUrl\"  \/><\/a><\/div><\/div><\/div><\/div>\n","protected":false},"excerpt":{"rendered":"","protected":false},"author":2,"featured_media":0,"parent":0,"menu_order":0,"comment_status":"closed","ping_status":"closed","template":"","meta":{"footnotes":""},"class_list":["post-273","page","type-page","status-publish","hentry"],"yoast_head":"<!-- This site is optimized with the Yoast SEO plugin v27.4 - https:\/\/yoast.com\/product\/yoast-seo-wordpress\/ -->\n<title>Downloads - Neff Pr\u00e4zision AG<\/title>\n<meta name=\"robots\" content=\"index, follow, max-snippet:-1, max-image-preview:large, max-video-preview:-1\" \/>\n<link rel=\"canonical\" href=\"https:\/\/www.neffag.ch\/fr\/downloads\/\" \/>\n<meta property=\"og:locale\" content=\"fr_FR\" \/>\n<meta property=\"og:type\" content=\"article\" \/>\n<meta property=\"og:title\" content=\"Downloads - Neff Pr\u00e4zision AG\" \/>\n<meta property=\"og:url\" content=\"https:\/\/www.neffag.ch\/fr\/downloads\/\" \/>\n<meta property=\"og:site_name\" content=\"Neff Pr\u00e4zision AG\" \/>\n<meta property=\"article:modified_time\" content=\"2024-08-09T13:08:07+00:00\" \/>\n<meta name=\"twitter:card\" content=\"summary_large_image\" \/>\n<meta name=\"twitter:label1\" content=\"Dur\u00e9e de lecture estim\u00e9e\" \/>\n\t<meta name=\"twitter:data1\" content=\"1 minute\" \/>\n<script type=\"application\/ld+json\" class=\"yoast-schema-graph\">{\"@context\":\"https:\\\/\\\/schema.org\",\"@graph\":[{\"@type\":\"WebPage\",\"@id\":\"https:\\\/\\\/www.neffag.ch\\\/fr\\\/downloads\\\/\",\"url\":\"https:\\\/\\\/www.neffag.ch\\\/fr\\\/downloads\\\/\",\"name\":\"Downloads - Neff Pr\u00e4zision AG\",\"isPartOf\":{\"@id\":\"https:\\\/\\\/www.neffag.ch\\\/fr\\\/#website\"},\"datePublished\":\"2019-11-07T15:59:05+00:00\",\"dateModified\":\"2024-08-09T13:08:07+00:00\",\"breadcrumb\":{\"@id\":\"https:\\\/\\\/www.neffag.ch\\\/fr\\\/downloads\\\/#breadcrumb\"},\"inLanguage\":\"fr-FR\",\"potentialAction\":[{\"@type\":\"ReadAction\",\"target\":[\"https:\\\/\\\/www.neffag.ch\\\/fr\\\/downloads\\\/\"]}]},{\"@type\":\"BreadcrumbList\",\"@id\":\"https:\\\/\\\/www.neffag.ch\\\/fr\\\/downloads\\\/#breadcrumb\",\"itemListElement\":[{\"@type\":\"ListItem\",\"position\":1,\"name\":\"Startseite\",\"item\":\"https:\\\/\\\/www.neffag.ch\\\/fr\\\/\"},{\"@type\":\"ListItem\",\"position\":2,\"name\":\"Downloads\"}]},{\"@type\":\"WebSite\",\"@id\":\"https:\\\/\\\/www.neffag.ch\\\/fr\\\/#website\",\"url\":\"https:\\\/\\\/www.neffag.ch\\\/fr\\\/\",\"name\":\"Neff Pr\u00e4zision AG\",\"description\":\"\",\"potentialAction\":[{\"@type\":\"SearchAction\",\"target\":{\"@type\":\"EntryPoint\",\"urlTemplate\":\"https:\\\/\\\/www.neffag.ch\\\/fr\\\/?s={search_term_string}\"},\"query-input\":{\"@type\":\"PropertyValueSpecification\",\"valueRequired\":true,\"valueName\":\"search_term_string\"}}],\"inLanguage\":\"fr-FR\"}]}<\/script>\n<!-- \/ Yoast SEO plugin. -->","yoast_head_json":{"title":"Downloads - Neff Pr\u00e4zision AG","robots":{"index":"index","follow":"follow","max-snippet":"max-snippet:-1","max-image-preview":"max-image-preview:large","max-video-preview":"max-video-preview:-1"},"canonical":"https:\/\/www.neffag.ch\/fr\/downloads\/","og_locale":"fr_FR","og_type":"article","og_title":"Downloads - Neff Pr\u00e4zision AG","og_url":"https:\/\/www.neffag.ch\/fr\/downloads\/","og_site_name":"Neff Pr\u00e4zision AG","article_modified_time":"2024-08-09T13:08:07+00:00","twitter_card":"summary_large_image","twitter_misc":{"Dur\u00e9e de lecture estim\u00e9e":"1 minute"},"schema":{"@context":"https:\/\/schema.org","@graph":[{"@type":"WebPage","@id":"https:\/\/www.neffag.ch\/fr\/downloads\/","url":"https:\/\/www.neffag.ch\/fr\/downloads\/","name":"Downloads - Neff Pr\u00e4zision AG","isPartOf":{"@id":"https:\/\/www.neffag.ch\/fr\/#website"},"datePublished":"2019-11-07T15:59:05+00:00","dateModified":"2024-08-09T13:08:07+00:00","breadcrumb":{"@id":"https:\/\/www.neffag.ch\/fr\/downloads\/#breadcrumb"},"inLanguage":"fr-FR","potentialAction":[{"@type":"ReadAction","target":["https:\/\/www.neffag.ch\/fr\/downloads\/"]}]},{"@type":"BreadcrumbList","@id":"https:\/\/www.neffag.ch\/fr\/downloads\/#breadcrumb","itemListElement":[{"@type":"ListItem","position":1,"name":"Startseite","item":"https:\/\/www.neffag.ch\/fr\/"},{"@type":"ListItem","position":2,"name":"Downloads"}]},{"@type":"WebSite","@id":"https:\/\/www.neffag.ch\/fr\/#website","url":"https:\/\/www.neffag.ch\/fr\/","name":"Neff Pr\u00e4zision AG","description":"","potentialAction":[{"@type":"SearchAction","target":{"@type":"EntryPoint","urlTemplate":"https:\/\/www.neffag.ch\/fr\/?s={search_term_string}"},"query-input":{"@type":"PropertyValueSpecification","valueRequired":true,"valueName":"search_term_string"}}],"inLanguage":"fr-FR"}]}},"_links":{"self":[{"href":"https:\/\/www.neffag.ch\/fr\/wp-json\/wp\/v2\/pages\/273","targetHints":{"allow":["GET"]}}],"collection":[{"href":"https:\/\/www.neffag.ch\/fr\/wp-json\/wp\/v2\/pages"}],"about":[{"href":"https:\/\/www.neffag.ch\/fr\/wp-json\/wp\/v2\/types\/page"}],"author":[{"embeddable":true,"href":"https:\/\/www.neffag.ch\/fr\/wp-json\/wp\/v2\/users\/2"}],"replies":[{"embeddable":true,"href":"https:\/\/www.neffag.ch\/fr\/wp-json\/wp\/v2\/comments?post=273"}],"version-history":[{"count":11,"href":"https:\/\/www.neffag.ch\/fr\/wp-json\/wp\/v2\/pages\/273\/revisions"}],"predecessor-version":[{"id":767,"href":"https:\/\/www.neffag.ch\/fr\/wp-json\/wp\/v2\/pages\/273\/revisions\/767"}],"wp:attachment":[{"href":"https:\/\/www.neffag.ch\/fr\/wp-json\/wp\/v2\/media?parent=273"}],"curies":[{"name":"wp","href":"https:\/\/api.w.org\/{rel}","templated":true}]}}