{"id":275,"date":"2019-11-07T16:02:27","date_gmt":"2019-11-07T16:02:27","guid":{"rendered":"https:\/\/www.neffag.ch\/contact-formulaire\/"},"modified":"2019-11-07T16:05:08","modified_gmt":"2019-11-07T16:05:08","slug":"contact-formulaire","status":"publish","type":"page","link":"https:\/\/www.neffag.ch\/fr\/contact\/contact-formulaire\/","title":{"rendered":"Formulaire de contact"},"content":{"rendered":"<div id='av_section_1'  class='avia-section av-k2nh5eor-50dd9bf8a86aca63fcf76efed0f102bb main_color avia-section-default avia-shadow  avia-builder-el-0  avia-builder-el-no-sibling  avia-bg-style-scroll container_wrap fullsize'  ><div class='container av-section-cont-open' ><main  role=\"main\" itemprop=\"mainContentOfPage\"  class='template-page content  av-content-full alpha units'><div class='post-entry post-entry-type-page post-entry-275'><div class='entry-content-wrapper clearfix'>\n\n<style type=\"text\/css\" data-created_by=\"avia_inline_auto\" id=\"style-css-av-8cndw-5dc3057d0ede4c61fdaeff901a66f074\">\n.flex_column.av-8cndw-5dc3057d0ede4c61fdaeff901a66f074{\nborder-radius:0px 0px 0px 0px;\npadding:0px 0px 0px 0px;\n}\n<\/style>\n<div  class='flex_column av-8cndw-5dc3057d0ede4c61fdaeff901a66f074 av_one_full  avia-builder-el-1  avia-builder-el-no-sibling  first flex_column_div av-zero-column-padding  '     ><section  class='av_textblock_section av-k2nh57da-d784f36e2b6b049e18694f5be3174a7d '   itemscope=\"itemscope\" itemtype=\"https:\/\/schema.org\/CreativeWork\" ><div class='avia_textblock'  itemprop=\"text\" ><div class=\"fwelement fwtitle fwtitle1 \">\n<h1>Formulaire de contact<\/h1>\n<\/div>\n<\/div><\/section><br \/>\n<form action=\"https:\/\/www.neffag.ch\/fr\/contact\/contact-formulaire\/\" method=\"post\" data-fields-with-error=\"Erreurs trouv\u00e9es dans les champs suivants :\" class=\"avia_ajax_form av-form-labels-hidden   avia-builder-el-3  el_after_av_textblock  avia-builder-el-last   \" data-avia-form-id=\"1\" data-avia-redirect='' ><fieldset><p class='  first_form  form_element form_fullwidth' id='element_avia_1_1'><label for=\"avia_1_1\">Soci\u00e9t\u00e9<\/label> <input name=\"avia_1_1\" class=\"text_input \" type=\"text\" id=\"avia_1_1\" value=\"\"  placeholder='Soci\u00e9t\u00e9'\/><\/p><p class='  first_form  form_element form_fullwidth' id='element_avia_2_1'><label for=\"avia_2_1\">Pr\u00e9nom \/ nom <abbr class=\"required\" title=\"requis(e)\">*<\/abbr><\/label> <input name=\"avia_2_1\" class=\"text_input is_empty\" type=\"text\" id=\"avia_2_1\" value=\"\"  placeholder='Pr\u00e9nom \/ nom*'\/><\/p><p class='  first_form  form_element form_fullwidth' id='element_avia_3_1'><label for=\"avia_3_1\">Adresse <abbr class=\"required\" title=\"requis(e)\">*<\/abbr><\/label> <input name=\"avia_3_1\" class=\"text_input is_empty\" type=\"text\" id=\"avia_3_1\" value=\"\"  placeholder='Adresse*'\/><\/p><p class='  first_form  form_element form_fullwidth' id='element_avia_4_1'><label for=\"avia_4_1\">Code postal \/ ville <abbr class=\"required\" title=\"requis(e)\">*<\/abbr><\/label> <input name=\"avia_4_1\" class=\"text_input is_empty\" type=\"text\" id=\"avia_4_1\" value=\"\"  placeholder='Code postal \/ ville*'\/><\/p><p class='  first_form  form_element form_fullwidth' id='element_avia_5_1'><label for=\"avia_5_1\">Pays<\/label> <input name=\"avia_5_1\" class=\"text_input \" type=\"text\" id=\"avia_5_1\" value=\"\"  placeholder='Pays'\/><\/p><p class='  first_form  form_element form_fullwidth' id='element_avia_6_1'><label for=\"avia_6_1\">T\u00e9l. <abbr class=\"required\" title=\"requis(e)\">*<\/abbr><\/label> <input name=\"avia_6_1\" class=\"text_input is_phone\" type=\"text\" id=\"avia_6_1\" value=\"\"  placeholder='T\u00e9l.*'\/><\/p><p class='  first_form  form_element form_fullwidth' id='element_avia_7_1'><label for=\"avia_7_1\">Email <abbr class=\"required\" title=\"requis(e)\">*<\/abbr><\/label> <input name=\"avia_7_1\" class=\"text_input is_email\" type=\"text\" id=\"avia_7_1\" value=\"\"  placeholder='Email*'\/><\/p><p class='  first_form  form_element form_fullwidth' id='element_avia_8_1'><label for=\"avia_8_1\" class=\"textare_label hidden textare_label_avia_8_1\">Message <abbr class=\"required\" title=\"requis(e)\">*<\/abbr><\/label><textarea  placeholder='Message*' name=\"avia_8_1\" class=\"text_area is_empty\" cols=\"40\" rows=\"7\" id=\"avia_8_1\" ><\/textarea><\/p><p class=\"hidden\"><input type=\"text\" name=\"avia_9_1\" class=\"hidden \" id=\"avia_9_1\" value=\"\" \/><\/p><div id='avia_10_1' class='av-recaptcha-area  first_form  form_element form_fullwidth '  data-container_class=\"\" data-custom_class=\"\" data-context=\"av_contact_form\" data-token_input=\"av_recaptcha_token\" data-version=\"avia_recaptcha_v3\" data-theme=\"light\" data-size=\"normal\" data-score=\"0.5\" data-text_to_preview=\"\" data-value=\"\"><div class=\"av-google-badge-message hidden\">Ce site est prot\u00e9g\u00e9 par reCAPTCHA et la <a href=\"https:\/\/policies.google.com\/privacy\">politique de confidentialit\u00e9<\/a> de Google et <a href=\"https:\/\/policies.google.com\/terms\">leur conditions d\u2019utilisation<\/a> s\u2019appliquent.<\/div><\/div><p class=\"form_element \"><input type=\"hidden\" value=\"1\" name=\"avia_generated_form1\" \/><input type=\"submit\" value=\"Envoyer\" class=\"button\"  data-sending-label=\"Envoi\"\/><\/p><\/fieldset><div class=\"avia-disabled-form\">Ce formulaire est d\u00e9sactiv\u00e9 dans la mesure o\u00f9 vous refusez d\u2019accepter le service Google reCAPTCHA n\u00e9cessaire pour valider toute exp\u00e9dition de message depuis celui-ci.<\/div><\/form><div id=\"ajaxresponse_1\" class=\"ajaxresponse ajaxresponse_1 hidden\"><\/div><\/p><\/div>\n","protected":false},"excerpt":{"rendered":"","protected":false},"author":2,"featured_media":0,"parent":277,"menu_order":0,"comment_status":"closed","ping_status":"closed","template":"","meta":{"footnotes":""},"class_list":["post-275","page","type-page","status-publish","hentry"],"yoast_head":"<!-- This site is optimized with the Yoast SEO plugin v27.4 - https:\/\/yoast.com\/product\/yoast-seo-wordpress\/ -->\n<title>Formulaire de contact - Neff Pr\u00e4zision AG<\/title>\n<meta name=\"robots\" content=\"index, follow, max-snippet:-1, max-image-preview:large, max-video-preview:-1\" \/>\n<link rel=\"canonical\" href=\"https:\/\/www.neffag.ch\/fr\/contact\/contact-formulaire\/\" \/>\n<meta property=\"og:locale\" content=\"fr_FR\" \/>\n<meta property=\"og:type\" content=\"article\" \/>\n<meta property=\"og:title\" content=\"Formulaire de contact - Neff Pr\u00e4zision AG\" \/>\n<meta property=\"og:url\" content=\"https:\/\/www.neffag.ch\/fr\/contact\/contact-formulaire\/\" \/>\n<meta property=\"og:site_name\" content=\"Neff Pr\u00e4zision AG\" \/>\n<meta property=\"article:modified_time\" content=\"2019-11-07T16:05:08+00:00\" \/>\n<meta name=\"twitter:card\" content=\"summary_large_image\" \/>\n<meta name=\"twitter:label1\" content=\"Dur\u00e9e de lecture estim\u00e9e\" \/>\n\t<meta name=\"twitter:data1\" content=\"3 minutes\" \/>\n<script type=\"application\/ld+json\" class=\"yoast-schema-graph\">{\"@context\":\"https:\\\/\\\/schema.org\",\"@graph\":[{\"@type\":\"WebPage\",\"@id\":\"https:\\\/\\\/www.neffag.ch\\\/fr\\\/contact\\\/contact-formulaire\\\/\",\"url\":\"https:\\\/\\\/www.neffag.ch\\\/fr\\\/contact\\\/contact-formulaire\\\/\",\"name\":\"Formulaire de contact - Neff Pr\u00e4zision AG\",\"isPartOf\":{\"@id\":\"https:\\\/\\\/www.neffag.ch\\\/fr\\\/#website\"},\"datePublished\":\"2019-11-07T16:02:27+00:00\",\"dateModified\":\"2019-11-07T16:05:08+00:00\",\"breadcrumb\":{\"@id\":\"https:\\\/\\\/www.neffag.ch\\\/fr\\\/contact\\\/contact-formulaire\\\/#breadcrumb\"},\"inLanguage\":\"fr-FR\",\"potentialAction\":[{\"@type\":\"ReadAction\",\"target\":[\"https:\\\/\\\/www.neffag.ch\\\/fr\\\/contact\\\/contact-formulaire\\\/\"]}]},{\"@type\":\"BreadcrumbList\",\"@id\":\"https:\\\/\\\/www.neffag.ch\\\/fr\\\/contact\\\/contact-formulaire\\\/#breadcrumb\",\"itemListElement\":[{\"@type\":\"ListItem\",\"position\":1,\"name\":\"Startseite\",\"item\":\"https:\\\/\\\/www.neffag.ch\\\/fr\\\/\"},{\"@type\":\"ListItem\",\"position\":2,\"name\":\"Contact\",\"item\":\"https:\\\/\\\/www.neffag.ch\\\/fr\\\/contact\\\/\"},{\"@type\":\"ListItem\",\"position\":3,\"name\":\"Formulaire de contact\"}]},{\"@type\":\"WebSite\",\"@id\":\"https:\\\/\\\/www.neffag.ch\\\/fr\\\/#website\",\"url\":\"https:\\\/\\\/www.neffag.ch\\\/fr\\\/\",\"name\":\"Neff Pr\u00e4zision AG\",\"description\":\"\",\"potentialAction\":[{\"@type\":\"SearchAction\",\"target\":{\"@type\":\"EntryPoint\",\"urlTemplate\":\"https:\\\/\\\/www.neffag.ch\\\/fr\\\/?s={search_term_string}\"},\"query-input\":{\"@type\":\"PropertyValueSpecification\",\"valueRequired\":true,\"valueName\":\"search_term_string\"}}],\"inLanguage\":\"fr-FR\"}]}<\/script>\n<!-- \/ Yoast SEO plugin. -->","yoast_head_json":{"title":"Formulaire de contact - Neff Pr\u00e4zision AG","robots":{"index":"index","follow":"follow","max-snippet":"max-snippet:-1","max-image-preview":"max-image-preview:large","max-video-preview":"max-video-preview:-1"},"canonical":"https:\/\/www.neffag.ch\/fr\/contact\/contact-formulaire\/","og_locale":"fr_FR","og_type":"article","og_title":"Formulaire de contact - Neff Pr\u00e4zision AG","og_url":"https:\/\/www.neffag.ch\/fr\/contact\/contact-formulaire\/","og_site_name":"Neff Pr\u00e4zision AG","article_modified_time":"2019-11-07T16:05:08+00:00","twitter_card":"summary_large_image","twitter_misc":{"Dur\u00e9e de lecture estim\u00e9e":"3 minutes"},"schema":{"@context":"https:\/\/schema.org","@graph":[{"@type":"WebPage","@id":"https:\/\/www.neffag.ch\/fr\/contact\/contact-formulaire\/","url":"https:\/\/www.neffag.ch\/fr\/contact\/contact-formulaire\/","name":"Formulaire de contact - Neff Pr\u00e4zision AG","isPartOf":{"@id":"https:\/\/www.neffag.ch\/fr\/#website"},"datePublished":"2019-11-07T16:02:27+00:00","dateModified":"2019-11-07T16:05:08+00:00","breadcrumb":{"@id":"https:\/\/www.neffag.ch\/fr\/contact\/contact-formulaire\/#breadcrumb"},"inLanguage":"fr-FR","potentialAction":[{"@type":"ReadAction","target":["https:\/\/www.neffag.ch\/fr\/contact\/contact-formulaire\/"]}]},{"@type":"BreadcrumbList","@id":"https:\/\/www.neffag.ch\/fr\/contact\/contact-formulaire\/#breadcrumb","itemListElement":[{"@type":"ListItem","position":1,"name":"Startseite","item":"https:\/\/www.neffag.ch\/fr\/"},{"@type":"ListItem","position":2,"name":"Contact","item":"https:\/\/www.neffag.ch\/fr\/contact\/"},{"@type":"ListItem","position":3,"name":"Formulaire de contact"}]},{"@type":"WebSite","@id":"https:\/\/www.neffag.ch\/fr\/#website","url":"https:\/\/www.neffag.ch\/fr\/","name":"Neff Pr\u00e4zision AG","description":"","potentialAction":[{"@type":"SearchAction","target":{"@type":"EntryPoint","urlTemplate":"https:\/\/www.neffag.ch\/fr\/?s={search_term_string}"},"query-input":{"@type":"PropertyValueSpecification","valueRequired":true,"valueName":"search_term_string"}}],"inLanguage":"fr-FR"}]}},"_links":{"self":[{"href":"https:\/\/www.neffag.ch\/fr\/wp-json\/wp\/v2\/pages\/275","targetHints":{"allow":["GET"]}}],"collection":[{"href":"https:\/\/www.neffag.ch\/fr\/wp-json\/wp\/v2\/pages"}],"about":[{"href":"https:\/\/www.neffag.ch\/fr\/wp-json\/wp\/v2\/types\/page"}],"author":[{"embeddable":true,"href":"https:\/\/www.neffag.ch\/fr\/wp-json\/wp\/v2\/users\/2"}],"replies":[{"embeddable":true,"href":"https:\/\/www.neffag.ch\/fr\/wp-json\/wp\/v2\/comments?post=275"}],"version-history":[{"count":3,"href":"https:\/\/www.neffag.ch\/fr\/wp-json\/wp\/v2\/pages\/275\/revisions"}],"predecessor-version":[{"id":280,"href":"https:\/\/www.neffag.ch\/fr\/wp-json\/wp\/v2\/pages\/275\/revisions\/280"}],"up":[{"embeddable":true,"href":"https:\/\/www.neffag.ch\/fr\/wp-json\/wp\/v2\/pages\/277"}],"wp:attachment":[{"href":"https:\/\/www.neffag.ch\/fr\/wp-json\/wp\/v2\/media?parent=275"}],"curies":[{"name":"wp","href":"https:\/\/api.w.org\/{rel}","templated":true}]}}